{"id":31056,"date":"2025-03-08T16:11:43","date_gmt":"2025-03-08T16:11:43","guid":{"rendered":"https:\/\/staging.quantfury.io\/web-platform\/"},"modified":"2025-03-27T16:33:58","modified_gmt":"2025-03-27T16:33:58","slug":"plateforme-web","status":"publish","type":"page","link":"https:\/\/staging.quantfury.io\/french\/plateforme-web\/","title":{"rendered":"Plateforme Web"},"content":{"rendered":"<section\n        class=\"s-intro  content-default   web-platform   right  \">\n            <div class=\"s-intro__picture\">\n                <img loading=\"lazy\" decoding=\"async\" class=\"s-intro__img right el-image\" src=\"https:\/\/staging.quantfury.io\/wp-content\/uploads\/2025\/03\/i-Web-Platform.svg\" alt=\"\"  width=\"1\" height=\"1\">\n        <\/div>\n            <div class=\"s-intro__container\">\n                    <h1 class=\"s-intro__title\">\n                Plateforme Web\n            <\/h1>\n        \n                    <div class=\"s-intro__description\">\n                Un design intuitif alliant une fonctionnalit\u00e9 puissante.\n            <\/div>\n        \n        \n                    <div class=\"s-intro__button\">\n                <a class=\"s-intro__link btn btn--with-arrow\" href=\"https:\/\/trading.staging.quantfury.io\/auth\/registration\">\n                    Ouvrir un Compte\n                <\/a>\n            <\/div>\n                        <div class=\"s-intro__divider el-divider el-divider--colorfully\">\n            <div class=\"diamond\"><\/div>\n            <div class=\"diamond\"><\/div>\n        <\/div>\n    <\/div>\n    <div class=\"el-lines\">\n        <div class=\"el-lines__line\"><\/div>\n        <div class=\"el-lines__line\"><\/div>\n        <div class=\"el-lines__line\"><\/div>\n        <div class=\"el-lines__line\"><\/div>\n        <div class=\"el-lines__line\"><\/div>\n    <\/div>\n<\/section>\n\n    <section class=\"s-info    image-banner web \"\n             style=\"\">\n                <div class=\"s-info__container\">\n                        <div class=\"s-info__content-box  content-alignment-center   content-direction-row \">\n                                                    <div class=\"s-info__content left  full   padding-none   text \"\n                         style=\" \">\n                                                <div class=\"s-info__text\">\n                            <p><img loading=\"lazy\" decoding=\"async\" class=\"alignnone size-full wp-image-32240\" src=\"https:\/\/staging.quantfury.io\/wp-content\/uploads\/2025\/03\/web_banner.png\" alt=\"\" width=\"1200\" height=\"724\" \/><\/p>\n\n                        <\/div>\n                    <\/div>\n                                            <\/div>\n                    <\/div>\n        <div class=\"s-info__lines el-lines\">\n            <div class=\"el-lines__line\"><\/div>\n            <div class=\"el-lines__line\"><\/div>\n            <div class=\"el-lines__line\"><\/div>\n            <div class=\"el-lines__line\"><\/div>\n            <div class=\"el-lines__line\"><\/div>\n        <\/div>\n    <\/section>\n\n\n<section class=\"s-content-block padding-top-sm padding-bottom-lg \">\n    <div class=\"s-content-block__container\">\n        <div class=\"s-content-block__content\" style=\"\">\n            <h2 class=\"s-content-block__header\"><p>Une Interface Ax\u00e9e sur le Client, Con\u00e7ue de A \u00e0 Z<\/p>\n<\/h2>\n            <p>La plateforme web de Quantfury offre \u00e0 ses clients des conditions de trading et d&rsquo;investissement in\u00e9gal\u00e9es directement depuis leur navigateur web. La plateforme propose une exp\u00e9rience de trading hautement personnalisable avec des donn\u00e9es et analyses de march\u00e9 en temps r\u00e9el, des capacit\u00e9s de graphiques avanc\u00e9es, et un acc\u00e8s \u00e0 plus de 2000 actions, ETFs, devises, mati\u00e8res premi\u00e8res et indices \u00e0 travers le monde, le tout en un seul endroit.<\/p>\n\n                                                                <div class=\"s-content-block__button\">\n                        <a class=\"s-content-block__link btn btn--with-arrow\" href=\"https:\/\/trading.staging.quantfury.io\/\">\n                            Voir le Trading en Direct\n                        <\/a>\n                    <\/div>\n                                    <\/div>\n                    <div class=\"s-content-block__divider el-divider  el-divider--secondary \">\n                <div class=\"diamond\"><\/div>\n                <div class=\"diamond\"><\/div>\n            <\/div>\n            <\/div>\n    <div class=\"s-content-block__lines el-lines\">\n        <div class=\"el-lines__line\"><\/div>\n        <div class=\"el-lines__line\"><\/div>\n        <div class=\"el-lines__line\"><\/div>\n        <div class=\"el-lines__line\"><\/div>\n        <div class=\"el-lines__line\"><\/div>\n    <\/div>\n<\/section>\n\n    <section class=\"s-info padding-bottom-lg padding-top-lg  web-platform \"\n             style=\"\">\n                <div class=\"s-info__container\">\n                        <div class=\"s-info__content-box  content-alignment-start   content-direction-row \">\n                                    <h2 class=\"s-info__title-general\">Explorer la Plateforme Web Quantfury<\/h2>\n                                                    <div class=\"s-info__content left   padding-none   checked-list \"\n                         style=\" \">\n                                                <div class=\"s-info__text\">\n                            <ul>\n<li>Profitez des mouvements du march\u00e9 avec une s\u00e9lection compl\u00e8te d&rsquo;outils de trading et d&rsquo;investissement pour des d\u00e9cisions d&rsquo;investissement plus \u00e9clair\u00e9es.<\/li>\n<li>Personnalisez votre exp\u00e9rience de trading avec une interface utilisateur hautement personnalisable qui r\u00e9pond \u00e0 vos besoins quotidiens sur les march\u00e9s.<\/li>\n<li>Am\u00e9liorez la diversification de votre portefeuille avec un acc\u00e8s \u00e0 plus de 2000 actions, ETFs, devises, mati\u00e8res premi\u00e8res et indices depuis une seule plateforme.<\/li>\n<\/ul>\n<p><img loading=\"lazy\" decoding=\"async\" class=\"alignnone size-full wp-image-32245\" src=\"https:\/\/staging.quantfury.io\/wp-content\/uploads\/2025\/03\/web-2.png\" alt=\"\" width=\"706\" height=\"778\" \/><\/p>\n\n                        <\/div>\n                    <\/div>\n                                                    <div class=\"s-info__content right   padding-none   checked-list \"\n                         style=\" \">\n                                                <div class=\"s-info__text\">\n                            <ul>\n<li>Obtenez une meilleure visibilit\u00e9 du march\u00e9 avec les derni\u00e8res actualit\u00e9s financi\u00e8res, les donn\u00e9es \u00e9conomiques mondiales, les r\u00e9sultats des b\u00e9n\u00e9fices des entreprises, et plus encore.<\/li>\n<li>Ex\u00e9cutez vos trades de mani\u00e8re efficace avec des prix d&rsquo;achat\/vente en temps r\u00e9el fournis directement par les bourses pertinentes, sans commissions ni frais d&#8217;emprunt.<\/li>\n<li>Des rapports d\u00e9taill\u00e9s et des analyses aident les clients \u00e0 \u00e9valuer rapidement la performance de leur portefeuille et \u00e0 ajuster leur exposition au march\u00e9 de mani\u00e8re efficace.<\/li>\n<\/ul>\n<div id=\"gtx-trans\" style=\"position: absolute; left: 56px; top: 183px;\">\n<div class=\"gtx-trans-icon\"><\/div>\n<\/div>\n\n                        <\/div>\n                    <\/div>\n                            <\/div>\n                            <div class=\"s-info__divider s-info__divider--bottom el-divider \">\n                    <div class=\"diamond\"><\/div>\n                    <div class=\"diamond\"><\/div>\n                <\/div>\n                    <\/div>\n        <div class=\"s-info__lines el-lines\">\n            <div class=\"el-lines__line\"><\/div>\n            <div class=\"el-lines__line\"><\/div>\n            <div class=\"el-lines__line\"><\/div>\n            <div class=\"el-lines__line\"><\/div>\n            <div class=\"el-lines__line\"><\/div>\n        <\/div>\n    <\/section>\n\n\n<section class=\"s-banner center\" >\n    <div class=\"s-banner__container\">\n        <div class=\"s-banner__content\">\n                            <div class=\"s-banner__picture\">\n                        <img loading=\"lazy\" decoding=\"async\" class=\"s-banner__img  el-image\" src=\"https:\/\/staging.quantfury.io\/wp-content\/uploads\/2025\/03\/App-Logo.svg\" alt=\"\"  width=\"1\" height=\"1\">\n                <\/div>\n            \n            \n                            <h2 class=\"s-banner__title\">\n                    <p>Ouvrez Votre Compte Quantfury<\/p>\n\n                <\/h2>\n            \n                            <div class=\"s-banner__description\">\n                    <p>D\u00e9couvrez des conditions de trading et d&rsquo;investissement in\u00e9gal\u00e9es.<\/p>\n\n                <\/div>\n            \n                                                                <div class=\"s-banner__button\">\n                        <a class=\"s-banner__link btn btn--with-arrow\" href=\"https:\/\/trading.staging.quantfury.io\/auth\/registration\">\n                            Ouvrir un Compte\n                        <\/a>\n                    <\/div>\n                                    <\/div>\n        <div class=\"s-banner__diamond\"><\/div>\n    <\/div>\n    <div class=\"s-banner__lines el-lines\">\n        <div class=\"el-lines__line\"><\/div>\n        <div class=\"el-lines__line\"><\/div>\n        <div class=\"el-lines__line\"><\/div>\n        <div class=\"el-lines__line\"><\/div>\n        <div class=\"el-lines__line\"><\/div>\n    <\/div>\n<\/section>\n\n\n<p><\/p>\n","protected":false},"excerpt":{"rendered":"","protected":false},"author":1,"featured_media":0,"parent":0,"menu_order":0,"comment_status":"closed","ping_status":"closed","template":"","meta":{"_acf_changed":false,"inline_featured_image":false,"footnotes":""},"class_list":["post-31056","page","type-page","status-publish","hentry"],"acf":[],"yoast_head":"<!-- This site is optimized with the Yoast SEO Premium plugin v26.8 (Yoast SEO v26.8) - https:\/\/yoast.com\/product\/yoast-seo-premium-wordpress\/ -->\n<title>Plateforme Web | Quantfury<\/title>\n<meta name=\"description\" content=\"La plateforme web de Quantfury offre \u00e0 ses clients des conditions de trading et d\u2019investissement in\u00e9gal\u00e9es depuis leur navigateur web.\" \/>\n<meta name=\"robots\" content=\"noindex, follow, max-snippet:-1, max-image-preview:large, max-video-preview:-1\" \/>\n<meta property=\"og:locale\" content=\"fr_FR\" \/>\n<meta property=\"og:type\" content=\"article\" \/>\n<meta property=\"og:title\" content=\"Plateforme Web | Quantfury\" \/>\n<meta property=\"og:description\" content=\"La plateforme web de Quantfury offre \u00e0 ses clients des conditions de trading et d\u2019investissement in\u00e9gal\u00e9es depuis leur navigateur web.\" \/>\n<meta property=\"og:url\" content=\"https:\/\/staging.quantfury.io\/french\/plateforme-web\/\" \/>\n<meta property=\"og:site_name\" content=\"Quantfury\" \/>\n<meta property=\"article:modified_time\" content=\"2025-03-27T16:33:58+00:00\" \/>\n<meta property=\"og:image\" content=\"https:\/\/staging.quantfury.io\/wp-content\/uploads\/2025\/04\/Prev-Image-v7.png\" \/>\n\t<meta property=\"og:image:width\" content=\"1200\" \/>\n\t<meta property=\"og:image:height\" content=\"630\" \/>\n\t<meta property=\"og:image:type\" content=\"image\/png\" \/>\n<meta name=\"twitter:card\" content=\"summary_large_image\" \/>\n<meta name=\"twitter:description\" content=\"La plateforme web de Quantfury offre \u00e0 ses clients des conditions de trading et d\u2019investissement in\u00e9gal\u00e9es depuis leur navigateur web.\" \/>\n<meta name=\"twitter:site\" content=\"@quantfury\" \/>\n<meta name=\"twitter:label1\" content=\"Dur\u00e9e de lecture estim\u00e9e\" \/>\n\t<meta name=\"twitter:data1\" content=\"2 minutes\" \/>\n<script type=\"application\/ld+json\" class=\"yoast-schema-graph\">{\"@context\":\"https:\/\/schema.org\",\"@graph\":[{\"@type\":\"Article\",\"@id\":\"https:\/\/staging.quantfury.io\/french\/plateforme-web\/#article\",\"isPartOf\":{\"@id\":\"https:\/\/staging.quantfury.io\/french\/plateforme-web\/\"},\"author\":{\"name\":\"Quantfury\",\"@id\":\"https:\/\/staging.quantfury.io\/#\/schema\/person\/a9f7e8493050fd0144e9482425234990\"},\"headline\":\"Plateforme Web\",\"datePublished\":\"2025-03-08T16:11:43+00:00\",\"dateModified\":\"2025-03-27T16:33:58+00:00\",\"mainEntityOfPage\":{\"@id\":\"https:\/\/staging.quantfury.io\/french\/plateforme-web\/\"},\"wordCount\":2,\"publisher\":{\"@id\":\"https:\/\/staging.quantfury.io\/#organization\"},\"inLanguage\":\"fr-FR\"},{\"@type\":\"WebPage\",\"@id\":\"https:\/\/staging.quantfury.io\/french\/plateforme-web\/\",\"url\":\"https:\/\/staging.quantfury.io\/french\/plateforme-web\/\",\"name\":\"Plateforme Web | Quantfury\",\"isPartOf\":{\"@id\":\"https:\/\/staging.quantfury.io\/#website\"},\"datePublished\":\"2025-03-08T16:11:43+00:00\",\"dateModified\":\"2025-03-27T16:33:58+00:00\",\"description\":\"La plateforme web de Quantfury offre \u00e0 ses clients des conditions de trading et d\u2019investissement in\u00e9gal\u00e9es depuis leur navigateur web.\",\"breadcrumb\":{\"@id\":\"https:\/\/staging.quantfury.io\/french\/plateforme-web\/#breadcrumb\"},\"inLanguage\":\"fr-FR\",\"potentialAction\":[{\"@type\":\"ReadAction\",\"target\":[\"https:\/\/staging.quantfury.io\/french\/plateforme-web\/\"]}]},{\"@type\":\"BreadcrumbList\",\"@id\":\"https:\/\/staging.quantfury.io\/french\/plateforme-web\/#breadcrumb\",\"itemListElement\":[{\"@type\":\"ListItem\",\"position\":1,\"name\":\"Home\",\"item\":\"https:\/\/staging.quantfury.io\/french\/\"},{\"@type\":\"ListItem\",\"position\":2,\"name\":\"Plateforme Web\"}]},{\"@type\":\"WebSite\",\"@id\":\"https:\/\/staging.quantfury.io\/#website\",\"url\":\"https:\/\/staging.quantfury.io\/\",\"name\":\"Quantfury\",\"description\":\"\",\"publisher\":{\"@id\":\"https:\/\/staging.quantfury.io\/#organization\"},\"potentialAction\":[{\"@type\":\"SearchAction\",\"target\":{\"@type\":\"EntryPoint\",\"urlTemplate\":\"https:\/\/staging.quantfury.io\/?s={search_term_string}\"},\"query-input\":{\"@type\":\"PropertyValueSpecification\",\"valueRequired\":true,\"valueName\":\"search_term_string\"}}],\"inLanguage\":\"fr-FR\"},{\"@type\":\"Organization\",\"@id\":\"https:\/\/staging.quantfury.io\/#organization\",\"name\":\"Quantfury\",\"url\":\"https:\/\/staging.quantfury.io\/\",\"logo\":{\"@type\":\"ImageObject\",\"inLanguage\":\"fr-FR\",\"@id\":\"https:\/\/staging.quantfury.io\/#\/schema\/logo\/image\/\",\"url\":\"https:\/\/staging.quantfury.io\/wp-content\/uploads\/2021\/04\/logo.svg\",\"contentUrl\":\"https:\/\/staging.quantfury.io\/wp-content\/uploads\/2021\/04\/logo.svg\",\"width\":165,\"height\":36,\"caption\":\"Quantfury\"},\"image\":{\"@id\":\"https:\/\/staging.quantfury.io\/#\/schema\/logo\/image\/\"},\"sameAs\":[\"https:\/\/x.com\/quantfury\",\"https:\/\/instagram.com\/quantfury\",\"https:\/\/www.linkedin.com\/company\/quantfury\/\",\"https:\/\/www.youtube.com\/c\/Quantfury\"]},{\"@type\":\"Person\",\"@id\":\"https:\/\/staging.quantfury.io\/#\/schema\/person\/a9f7e8493050fd0144e9482425234990\",\"name\":\"Quantfury\",\"sameAs\":[\"https:\/\/staging.quantfury.io\"],\"url\":\"https:\/\/staging.quantfury.io\/french\/author\/admin\/\"}]}<\/script>\n<!-- \/ Yoast SEO Premium plugin. -->","yoast_head_json":{"title":"Plateforme Web | Quantfury","description":"La plateforme web de Quantfury offre \u00e0 ses clients des conditions de trading et d\u2019investissement in\u00e9gal\u00e9es depuis leur navigateur web.","robots":{"index":"noindex","follow":"follow","max-snippet":"max-snippet:-1","max-image-preview":"max-image-preview:large","max-video-preview":"max-video-preview:-1"},"og_locale":"fr_FR","og_type":"article","og_title":"Plateforme Web | Quantfury","og_description":"La plateforme web de Quantfury offre \u00e0 ses clients des conditions de trading et d\u2019investissement in\u00e9gal\u00e9es depuis leur navigateur web.","og_url":"https:\/\/staging.quantfury.io\/french\/plateforme-web\/","og_site_name":"Quantfury","article_modified_time":"2025-03-27T16:33:58+00:00","og_image":[{"width":1200,"height":630,"url":"https:\/\/staging.quantfury.io\/wp-content\/uploads\/2025\/04\/Prev-Image-v7.png","type":"image\/png"}],"twitter_card":"summary_large_image","twitter_description":"La plateforme web de Quantfury offre \u00e0 ses clients des conditions de trading et d\u2019investissement in\u00e9gal\u00e9es depuis leur navigateur web.","twitter_site":"@quantfury","twitter_misc":{"Dur\u00e9e de lecture estim\u00e9e":"2 minutes"},"schema":{"@context":"https:\/\/schema.org","@graph":[{"@type":"Article","@id":"https:\/\/staging.quantfury.io\/french\/plateforme-web\/#article","isPartOf":{"@id":"https:\/\/staging.quantfury.io\/french\/plateforme-web\/"},"author":{"name":"Quantfury","@id":"https:\/\/staging.quantfury.io\/#\/schema\/person\/a9f7e8493050fd0144e9482425234990"},"headline":"Plateforme Web","datePublished":"2025-03-08T16:11:43+00:00","dateModified":"2025-03-27T16:33:58+00:00","mainEntityOfPage":{"@id":"https:\/\/staging.quantfury.io\/french\/plateforme-web\/"},"wordCount":2,"publisher":{"@id":"https:\/\/staging.quantfury.io\/#organization"},"inLanguage":"fr-FR"},{"@type":"WebPage","@id":"https:\/\/staging.quantfury.io\/french\/plateforme-web\/","url":"https:\/\/staging.quantfury.io\/french\/plateforme-web\/","name":"Plateforme Web | Quantfury","isPartOf":{"@id":"https:\/\/staging.quantfury.io\/#website"},"datePublished":"2025-03-08T16:11:43+00:00","dateModified":"2025-03-27T16:33:58+00:00","description":"La plateforme web de Quantfury offre \u00e0 ses clients des conditions de trading et d\u2019investissement in\u00e9gal\u00e9es depuis leur navigateur web.","breadcrumb":{"@id":"https:\/\/staging.quantfury.io\/french\/plateforme-web\/#breadcrumb"},"inLanguage":"fr-FR","potentialAction":[{"@type":"ReadAction","target":["https:\/\/staging.quantfury.io\/french\/plateforme-web\/"]}]},{"@type":"BreadcrumbList","@id":"https:\/\/staging.quantfury.io\/french\/plateforme-web\/#breadcrumb","itemListElement":[{"@type":"ListItem","position":1,"name":"Home","item":"https:\/\/staging.quantfury.io\/french\/"},{"@type":"ListItem","position":2,"name":"Plateforme Web"}]},{"@type":"WebSite","@id":"https:\/\/staging.quantfury.io\/#website","url":"https:\/\/staging.quantfury.io\/","name":"Quantfury","description":"","publisher":{"@id":"https:\/\/staging.quantfury.io\/#organization"},"potentialAction":[{"@type":"SearchAction","target":{"@type":"EntryPoint","urlTemplate":"https:\/\/staging.quantfury.io\/?s={search_term_string}"},"query-input":{"@type":"PropertyValueSpecification","valueRequired":true,"valueName":"search_term_string"}}],"inLanguage":"fr-FR"},{"@type":"Organization","@id":"https:\/\/staging.quantfury.io\/#organization","name":"Quantfury","url":"https:\/\/staging.quantfury.io\/","logo":{"@type":"ImageObject","inLanguage":"fr-FR","@id":"https:\/\/staging.quantfury.io\/#\/schema\/logo\/image\/","url":"https:\/\/staging.quantfury.io\/wp-content\/uploads\/2021\/04\/logo.svg","contentUrl":"https:\/\/staging.quantfury.io\/wp-content\/uploads\/2021\/04\/logo.svg","width":165,"height":36,"caption":"Quantfury"},"image":{"@id":"https:\/\/staging.quantfury.io\/#\/schema\/logo\/image\/"},"sameAs":["https:\/\/x.com\/quantfury","https:\/\/instagram.com\/quantfury","https:\/\/www.linkedin.com\/company\/quantfury\/","https:\/\/www.youtube.com\/c\/Quantfury"]},{"@type":"Person","@id":"https:\/\/staging.quantfury.io\/#\/schema\/person\/a9f7e8493050fd0144e9482425234990","name":"Quantfury","sameAs":["https:\/\/staging.quantfury.io"],"url":"https:\/\/staging.quantfury.io\/french\/author\/admin\/"}]}},"_links":{"self":[{"href":"https:\/\/staging.quantfury.io\/french\/wp-json\/wp\/v2\/pages\/31056","targetHints":{"allow":["GET"]}}],"collection":[{"href":"https:\/\/staging.quantfury.io\/french\/wp-json\/wp\/v2\/pages"}],"about":[{"href":"https:\/\/staging.quantfury.io\/french\/wp-json\/wp\/v2\/types\/page"}],"author":[{"embeddable":true,"href":"https:\/\/staging.quantfury.io\/french\/wp-json\/wp\/v2\/users\/1"}],"replies":[{"embeddable":true,"href":"https:\/\/staging.quantfury.io\/french\/wp-json\/wp\/v2\/comments?post=31056"}],"version-history":[{"count":5,"href":"https:\/\/staging.quantfury.io\/french\/wp-json\/wp\/v2\/pages\/31056\/revisions"}],"predecessor-version":[{"id":32541,"href":"https:\/\/staging.quantfury.io\/french\/wp-json\/wp\/v2\/pages\/31056\/revisions\/32541"}],"wp:attachment":[{"href":"https:\/\/staging.quantfury.io\/french\/wp-json\/wp\/v2\/media?parent=31056"}],"curies":[{"name":"wp","href":"https:\/\/api.w.org\/{rel}","templated":true}]}}