{"id":30888,"date":"2025-03-08T16:15:58","date_gmt":"2025-03-08T16:15:58","guid":{"rendered":"https:\/\/staging.quantfury.io\/licenses\/"},"modified":"2025-03-26T19:59:54","modified_gmt":"2025-03-26T19:59:54","slug":"licences","status":"publish","type":"page","link":"https:\/\/staging.quantfury.io\/french\/licences\/","title":{"rendered":"Licences"},"content":{"rendered":"<section\n        class=\"s-intro  content-default    right  \">\n            <div class=\"s-intro__picture\">\n                <img loading=\"lazy\" decoding=\"async\" class=\"s-intro__img right el-image\" src=\"https:\/\/staging.quantfury.io\/wp-content\/uploads\/2025\/03\/i-Licenses.svg\" alt=\"\"  width=\"1\" height=\"1\">\n        <\/div>\n            <div class=\"s-intro__container\">\n                    <h1 class=\"s-intro__title\">\n                Licences\n            <\/h1>\n        \n                    <div class=\"s-intro__description\">\n                Informations R\u00e9glementaires du Courtier Quantfury.\n            <\/div>\n        \n        \n                        <div class=\"s-intro__divider el-divider el-divider--colorfully\">\n            <div class=\"diamond\"><\/div>\n            <div class=\"diamond\"><\/div>\n        <\/div>\n    <\/div>\n    <div class=\"el-lines\">\n        <div class=\"el-lines__line\"><\/div>\n        <div class=\"el-lines__line\"><\/div>\n        <div class=\"el-lines__line\"><\/div>\n        <div class=\"el-lines__line\"><\/div>\n        <div class=\"el-lines__line\"><\/div>\n    <\/div>\n<\/section>\n\n    <section class=\"s-license-list\">\n        <div class=\"s-license-list__container\">\n            <div class=\"s-license-list__items\">\n                                    <div class=\"s-license-list__item\">\n                        <h2 class=\"s-license-list__title\">Royaume-Uni<\/h2>\n                        <div class=\"s-license-list__text\">\n                            <p>Quantfury Trading UK Limited est autoris\u00e9 par la Financial Conduct Authority du Royaume-Uni, num\u00e9ro FCA 577611, et est une institution de paiement agr\u00e9\u00e9e. Quantfury Trading UK Limited est enregistr\u00e9 en Angleterre et au Pays de Galles sous le num\u00e9ro Companies House 04977383. Si\u00e8ge social : 1 Bolton Street, 4\u1d49 \u00e9tage, Londres W1J 8HY.<\/p>\n\n                        <\/div>\n                    <\/div>\n                    <div class=\"s-license-list__divider el-divider el-divider--secondary\">\n                        <div class=\"diamond\"><\/div>\n                        <div class=\"diamond\"><\/div>\n                    <\/div>\n                                    <div class=\"s-license-list__item\">\n                        <h2 class=\"s-license-list__title\">Les Bahamas<\/h2>\n                        <div class=\"s-license-list__text\">\n                            <p>Quantfury est autoris\u00e9 et r\u00e9glement\u00e9 par la Securities Commission des Bahamas. Num\u00e9ro de licence de n\u00e9gociant SBA SIA-F204. Quantfury est \u00e9galement autoris\u00e9 par la Securities Commission des Bahamas en tant que d\u00e9positaire d\u2019actifs num\u00e9riques sous la licence de fournisseur de portefeuille num\u00e9ro FCSPA NO. F-034. Si\u00e8ge social : 4\u1d49 \u00e9tage, Lyford Cay House, Western Rd, Nassau, Bahamas.<\/p>\n\n                        <\/div>\n                    <\/div>\n                    <div class=\"s-license-list__divider el-divider \">\n                        <div class=\"diamond\"><\/div>\n                        <div class=\"diamond\"><\/div>\n                    <\/div>\n                                    <div class=\"s-license-list__item\">\n                        <h2 class=\"s-license-list__title\">Colombie<\/h2>\n                        <div class=\"s-license-list__text\">\n                            <p>Quantfury Trading Limited est autoris\u00e9 par la Surintendance financi\u00e8re de Colombie (SFC) en vertu de la R\u00e9solution 2287 de 2024 en tant que bureau de repr\u00e9sentation pour promouvoir et faire la publicit\u00e9 active de ses produits et services li\u00e9s aux march\u00e9s des valeurs mobili\u00e8res \u00e0 l\u2019\u00e9tranger aupr\u00e8s des r\u00e9sidents colombiens et des investisseurs de tout type. Le bureau de repr\u00e9sentation de Quantfury Trading Limited est supervis\u00e9 par la Surintendance financi\u00e8re de Colombie (SFC) conform\u00e9ment \u00e0 ses normes et pratiques r\u00e9glementaires.<\/p>\n\n                        <\/div>\n                    <\/div>\n                    <div class=\"s-license-list__divider el-divider el-divider--secondary\">\n                        <div class=\"diamond\"><\/div>\n                        <div class=\"diamond\"><\/div>\n                    <\/div>\n                            <\/div>\n        <\/div>\n        <div class=\"el-lines\">\n            <div class=\"el-lines__line\"><\/div>\n            <div class=\"el-lines__line\"><\/div>\n            <div class=\"el-lines__line\"><\/div>\n            <div class=\"el-lines__line\"><\/div>\n            <div class=\"el-lines__line\"><\/div>\n        <\/div>\n    <\/section>\n","protected":false},"excerpt":{"rendered":"","protected":false},"author":1,"featured_media":0,"parent":0,"menu_order":0,"comment_status":"closed","ping_status":"closed","template":"","meta":{"_acf_changed":false,"inline_featured_image":false,"footnotes":""},"class_list":["post-30888","page","type-page","status-publish","hentry"],"acf":[],"yoast_head":"<!-- This site is optimized with the Yoast SEO Premium plugin v26.8 (Yoast SEO v26.8) - https:\/\/yoast.com\/product\/yoast-seo-premium-wordpress\/ -->\n<title>Licences | Quantfury<\/title>\n<meta name=\"description\" content=\"Informations R\u00e9glementaires du Courtier Quantfury.\" \/>\n<meta name=\"robots\" content=\"noindex, follow, max-snippet:-1, max-image-preview:large, max-video-preview:-1\" \/>\n<meta property=\"og:locale\" content=\"fr_FR\" \/>\n<meta property=\"og:type\" content=\"article\" \/>\n<meta property=\"og:title\" content=\"Licences | Quantfury\" \/>\n<meta property=\"og:description\" content=\"Informations R\u00e9glementaires du Courtier Quantfury.\" \/>\n<meta property=\"og:url\" content=\"https:\/\/staging.quantfury.io\/french\/licences\/\" \/>\n<meta property=\"og:site_name\" content=\"Quantfury\" \/>\n<meta property=\"article:modified_time\" content=\"2025-03-26T19:59:54+00:00\" \/>\n<meta property=\"og:image\" content=\"https:\/\/staging.quantfury.io\/wp-content\/uploads\/2025\/04\/Prev-Image-v7.png\" \/>\n\t<meta property=\"og:image:width\" content=\"1200\" \/>\n\t<meta property=\"og:image:height\" content=\"630\" \/>\n\t<meta property=\"og:image:type\" content=\"image\/png\" \/>\n<meta name=\"twitter:card\" content=\"summary_large_image\" \/>\n<meta name=\"twitter:description\" content=\"Informations R\u00e9glementaires du Courtier Quantfury.\" \/>\n<meta name=\"twitter:site\" content=\"@quantfury\" \/>\n<meta name=\"twitter:label1\" content=\"Dur\u00e9e de lecture estim\u00e9e\" \/>\n\t<meta name=\"twitter:data1\" content=\"1 minute\" \/>\n<script type=\"application\/ld+json\" class=\"yoast-schema-graph\">{\"@context\":\"https:\/\/schema.org\",\"@graph\":[{\"@type\":\"Article\",\"@id\":\"https:\/\/staging.quantfury.io\/french\/licences\/#article\",\"isPartOf\":{\"@id\":\"https:\/\/staging.quantfury.io\/french\/licences\/\"},\"author\":{\"name\":\"Quantfury\",\"@id\":\"https:\/\/staging.quantfury.io\/#\/schema\/person\/a9f7e8493050fd0144e9482425234990\"},\"headline\":\"Licences\",\"datePublished\":\"2025-03-08T16:15:58+00:00\",\"dateModified\":\"2025-03-26T19:59:54+00:00\",\"mainEntityOfPage\":{\"@id\":\"https:\/\/staging.quantfury.io\/french\/licences\/\"},\"wordCount\":1,\"publisher\":{\"@id\":\"https:\/\/staging.quantfury.io\/#organization\"},\"inLanguage\":\"fr-FR\"},{\"@type\":\"WebPage\",\"@id\":\"https:\/\/staging.quantfury.io\/french\/licences\/\",\"url\":\"https:\/\/staging.quantfury.io\/french\/licences\/\",\"name\":\"Licences | Quantfury\",\"isPartOf\":{\"@id\":\"https:\/\/staging.quantfury.io\/#website\"},\"datePublished\":\"2025-03-08T16:15:58+00:00\",\"dateModified\":\"2025-03-26T19:59:54+00:00\",\"description\":\"Informations R\u00e9glementaires du Courtier Quantfury.\",\"breadcrumb\":{\"@id\":\"https:\/\/staging.quantfury.io\/french\/licences\/#breadcrumb\"},\"inLanguage\":\"fr-FR\",\"potentialAction\":[{\"@type\":\"ReadAction\",\"target\":[\"https:\/\/staging.quantfury.io\/french\/licences\/\"]}]},{\"@type\":\"BreadcrumbList\",\"@id\":\"https:\/\/staging.quantfury.io\/french\/licences\/#breadcrumb\",\"itemListElement\":[{\"@type\":\"ListItem\",\"position\":1,\"name\":\"Home\",\"item\":\"https:\/\/staging.quantfury.io\/french\/\"},{\"@type\":\"ListItem\",\"position\":2,\"name\":\"Licences\"}]},{\"@type\":\"WebSite\",\"@id\":\"https:\/\/staging.quantfury.io\/#website\",\"url\":\"https:\/\/staging.quantfury.io\/\",\"name\":\"Quantfury\",\"description\":\"\",\"publisher\":{\"@id\":\"https:\/\/staging.quantfury.io\/#organization\"},\"potentialAction\":[{\"@type\":\"SearchAction\",\"target\":{\"@type\":\"EntryPoint\",\"urlTemplate\":\"https:\/\/staging.quantfury.io\/?s={search_term_string}\"},\"query-input\":{\"@type\":\"PropertyValueSpecification\",\"valueRequired\":true,\"valueName\":\"search_term_string\"}}],\"inLanguage\":\"fr-FR\"},{\"@type\":\"Organization\",\"@id\":\"https:\/\/staging.quantfury.io\/#organization\",\"name\":\"Quantfury\",\"url\":\"https:\/\/staging.quantfury.io\/\",\"logo\":{\"@type\":\"ImageObject\",\"inLanguage\":\"fr-FR\",\"@id\":\"https:\/\/staging.quantfury.io\/#\/schema\/logo\/image\/\",\"url\":\"https:\/\/staging.quantfury.io\/wp-content\/uploads\/2021\/04\/logo.svg\",\"contentUrl\":\"https:\/\/staging.quantfury.io\/wp-content\/uploads\/2021\/04\/logo.svg\",\"width\":165,\"height\":36,\"caption\":\"Quantfury\"},\"image\":{\"@id\":\"https:\/\/staging.quantfury.io\/#\/schema\/logo\/image\/\"},\"sameAs\":[\"https:\/\/x.com\/quantfury\",\"https:\/\/instagram.com\/quantfury\",\"https:\/\/www.linkedin.com\/company\/quantfury\/\",\"https:\/\/www.youtube.com\/c\/Quantfury\"]},{\"@type\":\"Person\",\"@id\":\"https:\/\/staging.quantfury.io\/#\/schema\/person\/a9f7e8493050fd0144e9482425234990\",\"name\":\"Quantfury\",\"sameAs\":[\"https:\/\/staging.quantfury.io\"],\"url\":\"https:\/\/staging.quantfury.io\/french\/author\/admin\/\"}]}<\/script>\n<!-- \/ Yoast SEO Premium plugin. -->","yoast_head_json":{"title":"Licences | Quantfury","description":"Informations R\u00e9glementaires du Courtier Quantfury.","robots":{"index":"noindex","follow":"follow","max-snippet":"max-snippet:-1","max-image-preview":"max-image-preview:large","max-video-preview":"max-video-preview:-1"},"og_locale":"fr_FR","og_type":"article","og_title":"Licences | Quantfury","og_description":"Informations R\u00e9glementaires du Courtier Quantfury.","og_url":"https:\/\/staging.quantfury.io\/french\/licences\/","og_site_name":"Quantfury","article_modified_time":"2025-03-26T19:59:54+00:00","og_image":[{"width":1200,"height":630,"url":"https:\/\/staging.quantfury.io\/wp-content\/uploads\/2025\/04\/Prev-Image-v7.png","type":"image\/png"}],"twitter_card":"summary_large_image","twitter_description":"Informations R\u00e9glementaires du Courtier Quantfury.","twitter_site":"@quantfury","twitter_misc":{"Dur\u00e9e de lecture estim\u00e9e":"1 minute"},"schema":{"@context":"https:\/\/schema.org","@graph":[{"@type":"Article","@id":"https:\/\/staging.quantfury.io\/french\/licences\/#article","isPartOf":{"@id":"https:\/\/staging.quantfury.io\/french\/licences\/"},"author":{"name":"Quantfury","@id":"https:\/\/staging.quantfury.io\/#\/schema\/person\/a9f7e8493050fd0144e9482425234990"},"headline":"Licences","datePublished":"2025-03-08T16:15:58+00:00","dateModified":"2025-03-26T19:59:54+00:00","mainEntityOfPage":{"@id":"https:\/\/staging.quantfury.io\/french\/licences\/"},"wordCount":1,"publisher":{"@id":"https:\/\/staging.quantfury.io\/#organization"},"inLanguage":"fr-FR"},{"@type":"WebPage","@id":"https:\/\/staging.quantfury.io\/french\/licences\/","url":"https:\/\/staging.quantfury.io\/french\/licences\/","name":"Licences | Quantfury","isPartOf":{"@id":"https:\/\/staging.quantfury.io\/#website"},"datePublished":"2025-03-08T16:15:58+00:00","dateModified":"2025-03-26T19:59:54+00:00","description":"Informations R\u00e9glementaires du Courtier Quantfury.","breadcrumb":{"@id":"https:\/\/staging.quantfury.io\/french\/licences\/#breadcrumb"},"inLanguage":"fr-FR","potentialAction":[{"@type":"ReadAction","target":["https:\/\/staging.quantfury.io\/french\/licences\/"]}]},{"@type":"BreadcrumbList","@id":"https:\/\/staging.quantfury.io\/french\/licences\/#breadcrumb","itemListElement":[{"@type":"ListItem","position":1,"name":"Home","item":"https:\/\/staging.quantfury.io\/french\/"},{"@type":"ListItem","position":2,"name":"Licences"}]},{"@type":"WebSite","@id":"https:\/\/staging.quantfury.io\/#website","url":"https:\/\/staging.quantfury.io\/","name":"Quantfury","description":"","publisher":{"@id":"https:\/\/staging.quantfury.io\/#organization"},"potentialAction":[{"@type":"SearchAction","target":{"@type":"EntryPoint","urlTemplate":"https:\/\/staging.quantfury.io\/?s={search_term_string}"},"query-input":{"@type":"PropertyValueSpecification","valueRequired":true,"valueName":"search_term_string"}}],"inLanguage":"fr-FR"},{"@type":"Organization","@id":"https:\/\/staging.quantfury.io\/#organization","name":"Quantfury","url":"https:\/\/staging.quantfury.io\/","logo":{"@type":"ImageObject","inLanguage":"fr-FR","@id":"https:\/\/staging.quantfury.io\/#\/schema\/logo\/image\/","url":"https:\/\/staging.quantfury.io\/wp-content\/uploads\/2021\/04\/logo.svg","contentUrl":"https:\/\/staging.quantfury.io\/wp-content\/uploads\/2021\/04\/logo.svg","width":165,"height":36,"caption":"Quantfury"},"image":{"@id":"https:\/\/staging.quantfury.io\/#\/schema\/logo\/image\/"},"sameAs":["https:\/\/x.com\/quantfury","https:\/\/instagram.com\/quantfury","https:\/\/www.linkedin.com\/company\/quantfury\/","https:\/\/www.youtube.com\/c\/Quantfury"]},{"@type":"Person","@id":"https:\/\/staging.quantfury.io\/#\/schema\/person\/a9f7e8493050fd0144e9482425234990","name":"Quantfury","sameAs":["https:\/\/staging.quantfury.io"],"url":"https:\/\/staging.quantfury.io\/french\/author\/admin\/"}]}},"_links":{"self":[{"href":"https:\/\/staging.quantfury.io\/french\/wp-json\/wp\/v2\/pages\/30888","targetHints":{"allow":["GET"]}}],"collection":[{"href":"https:\/\/staging.quantfury.io\/french\/wp-json\/wp\/v2\/pages"}],"about":[{"href":"https:\/\/staging.quantfury.io\/french\/wp-json\/wp\/v2\/types\/page"}],"author":[{"embeddable":true,"href":"https:\/\/staging.quantfury.io\/french\/wp-json\/wp\/v2\/users\/1"}],"replies":[{"embeddable":true,"href":"https:\/\/staging.quantfury.io\/french\/wp-json\/wp\/v2\/comments?post=30888"}],"version-history":[{"count":2,"href":"https:\/\/staging.quantfury.io\/french\/wp-json\/wp\/v2\/pages\/30888\/revisions"}],"predecessor-version":[{"id":32454,"href":"https:\/\/staging.quantfury.io\/french\/wp-json\/wp\/v2\/pages\/30888\/revisions\/32454"}],"wp:attachment":[{"href":"https:\/\/staging.quantfury.io\/french\/wp-json\/wp\/v2\/media?parent=30888"}],"curies":[{"name":"wp","href":"https:\/\/api.w.org\/{rel}","templated":true}]}}