{"id":30868,"date":"2025-03-08T16:15:42","date_gmt":"2025-03-08T16:15:42","guid":{"rendered":"https:\/\/staging.quantfury.io\/history\/"},"modified":"2025-04-21T17:24:49","modified_gmt":"2025-04-21T17:24:49","slug":"histoire","status":"publish","type":"page","link":"https:\/\/staging.quantfury.io\/french\/histoire\/","title":{"rendered":"Histoire"},"content":{"rendered":"<section\n        class=\"s-intro  content-default    right  \">\n            <div class=\"s-intro__picture\">\n                <img loading=\"lazy\" decoding=\"async\" class=\"s-intro__img right el-image\" src=\"https:\/\/staging.quantfury.io\/wp-content\/uploads\/2025\/03\/i-History.svg\" alt=\"\"  width=\"1\" height=\"1\">\n        <\/div>\n            <div class=\"s-intro__container\">\n                    <h1 class=\"s-intro__title\">\n                Histoire\n            <\/h1>\n        \n                    <div class=\"s-intro__description\">\n                R\u00e9volutionner le trading des particuliers \u00e0 l&rsquo;\u00e9chelle mondiale en le rendant rentable, \u00e9quitable et transparent depuis 2017.\n            <\/div>\n        \n        \n                        <div class=\"s-intro__divider el-divider el-divider--colorfully\">\n            <div class=\"diamond\"><\/div>\n            <div class=\"diamond\"><\/div>\n        <\/div>\n    <\/div>\n    <div class=\"el-lines\">\n        <div class=\"el-lines__line\"><\/div>\n        <div class=\"el-lines__line\"><\/div>\n        <div class=\"el-lines__line\"><\/div>\n        <div class=\"el-lines__line\"><\/div>\n        <div class=\"el-lines__line\"><\/div>\n    <\/div>\n<\/section>\n\n    <section class=\"s-info  padding-top-lg  history-info \"\n             style=\"\">\n                <div class=\"s-info__container\">\n                        <div class=\"s-info__content-box  content-alignment-start   content-direction-column \">\n                                                    <div class=\"s-info__content left   padding-none   text \"\n                         style=\" \">\n                         <h2 class=\"s-info__title\">Un Voyage de Trading et d&rsquo;Investissement In\u00e9gal\u00e9<\/h2>                         <div class=\"s-info__text\">\n                            <p>Chez Quantfury, notre histoire est celle de l&rsquo;innovation, de la transparence et de l&rsquo;engagement \u00e0 r\u00e9volutionner le paysage des march\u00e9s financiers du trading. Fond\u00e9e en 2017 par Lev Mazur, avec une \u00e9quipe de traders quantitatifs exp\u00e9riment\u00e9s et de v\u00e9t\u00e9rans de la fintech, Quantfury est n\u00e9e du d\u00e9sir de contrer les pratiques exploitantes courantes dans l&rsquo;industrie des courtiers mondiaux pour particuliers.<\/p>\n\n                        <\/div>\n                    <\/div>\n                                                    <div class=\"s-info__content right   padding-none   text \"\n                         style=\" \">\n                                                <div class=\"s-info__text\">\n                            <p><img loading=\"lazy\" decoding=\"async\" class=\"alignnone size-full wp-image-30711\" src=\"https:\/\/staging.quantfury.io\/wp-content\/uploads\/2025\/03\/History-8-1.jpg\" alt=\"\" width=\"2400\" height=\"960\" \/><\/p>\n\n                        <\/div>\n                    <\/div>\n                            <\/div>\n                    <\/div>\n        <div class=\"s-info__lines el-lines\">\n            <div class=\"el-lines__line\"><\/div>\n            <div class=\"el-lines__line\"><\/div>\n            <div class=\"el-lines__line\"><\/div>\n            <div class=\"el-lines__line\"><\/div>\n            <div class=\"el-lines__line\"><\/div>\n        <\/div>\n    <\/section>\n\n\n    <section class=\"s-info padding-bottom-md padding-top-lg  history-info-text \"\n             style=\"\">\n                <div class=\"s-info__container\">\n                            <div class=\"s-info__divider s-info__divider--top el-divider \">\n                    <div class=\"diamond\"><\/div>\n                    <div class=\"diamond\"><\/div>\n                <\/div>\n                        <div class=\"s-info__content-box  content-alignment-start   content-direction-row \">\n                                                    <div class=\"s-info__content left   padding-none   text \"\n                         style=\" \">\n                         <h2 class=\"s-info__title\">Les Origines<\/h2>                         <div class=\"s-info__text\">\n                            <p>Notre fondateur, Lev Mazur, s&rsquo;est inspir\u00e9 du concept de la psychohistoire tir\u00e9 de la s\u00e9rie \u00ab\u00a0Fondation\u00a0\u00bb d&rsquo;Isaac Asimov, qui traite de la pr\u00e9vision statistique des \u00e9v\u00e9nements futurs. Cette id\u00e9e de pr\u00e9vision a pouss\u00e9 Lev \u00e0 s&rsquo;engager profond\u00e9ment dans les march\u00e9s financiers d\u00e8s le d\u00e9but des ann\u00e9es 90, o\u00f9 il a \u00e9t\u00e9 t\u00e9moin des complexit\u00e9s et des pratiques injustes auxquelles les traders et les investisseurs \u00e9taient souvent confront\u00e9s. Sa vision \u00e9tait claire : cr\u00e9er une plateforme o\u00f9 le trading et l&rsquo;investissement pouvaient \u00eatre r\u00e9alis\u00e9s avec int\u00e9grit\u00e9, \u00e0 des prix spot en temps r\u00e9el, et sans les frais cach\u00e9s ni les commissions.<\/p>\n\n                        <\/div>\n                    <\/div>\n                                                    <div class=\"s-info__content right   padding-none   text \"\n                         style=\" \">\n                         <h2 class=\"s-info__title\">Mission et Croissance<\/h2>                         <div class=\"s-info__text\">\n                            <p class=\"p1\">La mission de Quantfury a toujours \u00e9t\u00e9 de fournir un environnement de trading rentable, transparent et \u00e9quitable. Lanc\u00e9 en 2018, Quantfury avait pour objectif de changer le discours sur l&rsquo;industrie du trading en offrant des services sur plusieurs classes d&rsquo;actifs, y compris des actions, des ETFs, des mati\u00e8res premi\u00e8res et des cryptomonnaies, sans aucune commission de trading ni frais d&#8217;emprunt. En 2025, Quantfury avait rassembl\u00e9 plus de 1,000,000 d&rsquo;utilisateurs inscrits dans plus de 60 pays, t\u00e9moignant de la demande pour l&rsquo;approche unique de Quantfury en mati\u00e8re de trading et d&rsquo;investissement avec des conditions in\u00e9gal\u00e9es.<\/p>\n\n                        <\/div>\n                    <\/div>\n                            <\/div>\n                    <\/div>\n        <div class=\"s-info__lines el-lines\">\n            <div class=\"el-lines__line\"><\/div>\n            <div class=\"el-lines__line\"><\/div>\n            <div class=\"el-lines__line\"><\/div>\n            <div class=\"el-lines__line\"><\/div>\n            <div class=\"el-lines__line\"><\/div>\n        <\/div>\n    <\/section>\n\n\n    <section class=\"s-info padding-bottom-lg   history-info-text \"\n             style=\"\">\n                <div class=\"s-info__container\">\n                        <div class=\"s-info__content-box  content-alignment-start   content-direction-row \">\n                                                    <div class=\"s-info__content left   padding-none   text \"\n                         style=\" \">\n                         <h2 class=\"s-info__title\">Communaut\u00e9 et Impact<\/h2>                         <div class=\"s-info__text\">\n                            <p class=\"p1\">Quantfury a cr\u00e9\u00e9 une communaut\u00e9 mondiale dynamique, souvent appel\u00e9e \u00ab Quantfurians \u00bb, qui interagit via diverses plateformes sociales et \u00e9v\u00e9nements communautaires. Quantfury a \u00e9galement contribu\u00e9 en montrant combien ses clients ont \u00e9conomis\u00e9 en commissions et frais, avec plus de 500 $ millions \u00e9conomis\u00e9s d&rsquo;ici la fin de l&rsquo;ann\u00e9e 2024. L&rsquo;engagement de Quantfury envers l&rsquo;\u00e9ducation et la transparence inclut la mise \u00e0 disposition de ressources permettant aux traders de mieux comprendre et participer aux dynamiques du march\u00e9.<\/p>\n\n                        <\/div>\n                    <\/div>\n                                                    <div class=\"s-info__content right   padding-none   text \"\n                         style=\" \">\n                         <h2 class=\"s-info__title\">Perspectives d&rsquo;Avenir<\/h2>                         <div class=\"s-info__text\">\n                            <p>Quantfury reste fid\u00e8le \u00e0 ses principes fondateurs. L&rsquo;objectif de Quantfury n&rsquo;est pas seulement de devenir la plateforme de trading choisie par les clients particuliers \u00e0 l&rsquo;\u00e9chelle mondiale, mais aussi de devenir un leader dans la cr\u00e9ation d&rsquo;un \u00e9cosyst\u00e8me de trading et d&rsquo;investissement financier honn\u00eate et accessible.<\/p>\n\n                        <\/div>\n                    <\/div>\n                            <\/div>\n                            <div class=\"s-info__divider s-info__divider--bottom el-divider  el-divider--secondary \">\n                    <div class=\"diamond\"><\/div>\n                    <div class=\"diamond\"><\/div>\n                <\/div>\n                    <\/div>\n        <div class=\"s-info__lines el-lines\">\n            <div class=\"el-lines__line\"><\/div>\n            <div class=\"el-lines__line\"><\/div>\n            <div class=\"el-lines__line\"><\/div>\n            <div class=\"el-lines__line\"><\/div>\n            <div class=\"el-lines__line\"><\/div>\n        <\/div>\n    <\/section>\n","protected":false},"excerpt":{"rendered":"","protected":false},"author":1,"featured_media":0,"parent":0,"menu_order":0,"comment_status":"closed","ping_status":"closed","template":"","meta":{"_acf_changed":false,"inline_featured_image":false,"footnotes":""},"class_list":["post-30868","page","type-page","status-publish","hentry"],"acf":[],"yoast_head":"<!-- This site is optimized with the Yoast SEO Premium plugin v26.8 (Yoast SEO v26.8) - https:\/\/yoast.com\/product\/yoast-seo-premium-wordpress\/ -->\n<title>Histoire | Quantfury<\/title>\n<meta name=\"description\" content=\"Chez Quantfury, notre histoire est celle de l\u2019innovation et de l\u2019engagement \u00e0 r\u00e9volutionner le paysage des march\u00e9s financiers du trading.\" \/>\n<meta name=\"robots\" content=\"noindex, follow, max-snippet:-1, max-image-preview:large, max-video-preview:-1\" \/>\n<meta property=\"og:locale\" content=\"fr_FR\" \/>\n<meta property=\"og:type\" content=\"article\" \/>\n<meta property=\"og:title\" content=\"Histoire | Quantfury\" \/>\n<meta property=\"og:description\" content=\"Chez Quantfury, notre histoire est celle de l\u2019innovation et de l\u2019engagement \u00e0 r\u00e9volutionner le paysage des march\u00e9s financiers du trading.\" \/>\n<meta property=\"og:url\" content=\"https:\/\/staging.quantfury.io\/french\/histoire\/\" \/>\n<meta property=\"og:site_name\" content=\"Quantfury\" \/>\n<meta property=\"article:modified_time\" content=\"2025-04-21T17:24:49+00:00\" \/>\n<meta property=\"og:image\" content=\"https:\/\/staging.quantfury.io\/wp-content\/uploads\/2025\/04\/Prev-Image-v7.png\" \/>\n\t<meta property=\"og:image:width\" content=\"1200\" \/>\n\t<meta property=\"og:image:height\" content=\"630\" \/>\n\t<meta property=\"og:image:type\" content=\"image\/png\" \/>\n<meta name=\"twitter:card\" content=\"summary_large_image\" \/>\n<meta name=\"twitter:description\" content=\"Chez Quantfury, notre histoire est celle de l\u2019innovation et de l\u2019engagement \u00e0 r\u00e9volutionner le paysage des march\u00e9s financiers du trading.\" \/>\n<meta name=\"twitter:site\" content=\"@quantfury\" \/>\n<meta name=\"twitter:label1\" content=\"Dur\u00e9e de lecture estim\u00e9e\" \/>\n\t<meta name=\"twitter:data1\" content=\"3 minutes\" \/>\n<script type=\"application\/ld+json\" class=\"yoast-schema-graph\">{\"@context\":\"https:\/\/schema.org\",\"@graph\":[{\"@type\":\"Article\",\"@id\":\"https:\/\/staging.quantfury.io\/french\/histoire\/#article\",\"isPartOf\":{\"@id\":\"https:\/\/staging.quantfury.io\/french\/histoire\/\"},\"author\":{\"name\":\"Quantfury\",\"@id\":\"https:\/\/staging.quantfury.io\/#\/schema\/person\/a9f7e8493050fd0144e9482425234990\"},\"headline\":\"Histoire\",\"datePublished\":\"2025-03-08T16:15:42+00:00\",\"dateModified\":\"2025-04-21T17:24:49+00:00\",\"mainEntityOfPage\":{\"@id\":\"https:\/\/staging.quantfury.io\/french\/histoire\/\"},\"wordCount\":1,\"publisher\":{\"@id\":\"https:\/\/staging.quantfury.io\/#organization\"},\"inLanguage\":\"fr-FR\"},{\"@type\":\"WebPage\",\"@id\":\"https:\/\/staging.quantfury.io\/french\/histoire\/\",\"url\":\"https:\/\/staging.quantfury.io\/french\/histoire\/\",\"name\":\"Histoire | Quantfury\",\"isPartOf\":{\"@id\":\"https:\/\/staging.quantfury.io\/#website\"},\"datePublished\":\"2025-03-08T16:15:42+00:00\",\"dateModified\":\"2025-04-21T17:24:49+00:00\",\"description\":\"Chez Quantfury, notre histoire est celle de l\u2019innovation et de l\u2019engagement \u00e0 r\u00e9volutionner le paysage des march\u00e9s financiers du trading.\",\"breadcrumb\":{\"@id\":\"https:\/\/staging.quantfury.io\/french\/histoire\/#breadcrumb\"},\"inLanguage\":\"fr-FR\",\"potentialAction\":[{\"@type\":\"ReadAction\",\"target\":[\"https:\/\/staging.quantfury.io\/french\/histoire\/\"]}]},{\"@type\":\"BreadcrumbList\",\"@id\":\"https:\/\/staging.quantfury.io\/french\/histoire\/#breadcrumb\",\"itemListElement\":[{\"@type\":\"ListItem\",\"position\":1,\"name\":\"Home\",\"item\":\"https:\/\/staging.quantfury.io\/french\/\"},{\"@type\":\"ListItem\",\"position\":2,\"name\":\"Histoire\"}]},{\"@type\":\"WebSite\",\"@id\":\"https:\/\/staging.quantfury.io\/#website\",\"url\":\"https:\/\/staging.quantfury.io\/\",\"name\":\"Quantfury\",\"description\":\"\",\"publisher\":{\"@id\":\"https:\/\/staging.quantfury.io\/#organization\"},\"potentialAction\":[{\"@type\":\"SearchAction\",\"target\":{\"@type\":\"EntryPoint\",\"urlTemplate\":\"https:\/\/staging.quantfury.io\/?s={search_term_string}\"},\"query-input\":{\"@type\":\"PropertyValueSpecification\",\"valueRequired\":true,\"valueName\":\"search_term_string\"}}],\"inLanguage\":\"fr-FR\"},{\"@type\":\"Organization\",\"@id\":\"https:\/\/staging.quantfury.io\/#organization\",\"name\":\"Quantfury\",\"url\":\"https:\/\/staging.quantfury.io\/\",\"logo\":{\"@type\":\"ImageObject\",\"inLanguage\":\"fr-FR\",\"@id\":\"https:\/\/staging.quantfury.io\/#\/schema\/logo\/image\/\",\"url\":\"https:\/\/staging.quantfury.io\/wp-content\/uploads\/2021\/04\/logo.svg\",\"contentUrl\":\"https:\/\/staging.quantfury.io\/wp-content\/uploads\/2021\/04\/logo.svg\",\"width\":165,\"height\":36,\"caption\":\"Quantfury\"},\"image\":{\"@id\":\"https:\/\/staging.quantfury.io\/#\/schema\/logo\/image\/\"},\"sameAs\":[\"https:\/\/x.com\/quantfury\",\"https:\/\/instagram.com\/quantfury\",\"https:\/\/www.linkedin.com\/company\/quantfury\/\",\"https:\/\/www.youtube.com\/c\/Quantfury\"]},{\"@type\":\"Person\",\"@id\":\"https:\/\/staging.quantfury.io\/#\/schema\/person\/a9f7e8493050fd0144e9482425234990\",\"name\":\"Quantfury\",\"sameAs\":[\"https:\/\/staging.quantfury.io\"],\"url\":\"https:\/\/staging.quantfury.io\/french\/author\/admin\/\"}]}<\/script>\n<!-- \/ Yoast SEO Premium plugin. -->","yoast_head_json":{"title":"Histoire | Quantfury","description":"Chez Quantfury, notre histoire est celle de l\u2019innovation et de l\u2019engagement \u00e0 r\u00e9volutionner le paysage des march\u00e9s financiers du trading.","robots":{"index":"noindex","follow":"follow","max-snippet":"max-snippet:-1","max-image-preview":"max-image-preview:large","max-video-preview":"max-video-preview:-1"},"og_locale":"fr_FR","og_type":"article","og_title":"Histoire | Quantfury","og_description":"Chez Quantfury, notre histoire est celle de l\u2019innovation et de l\u2019engagement \u00e0 r\u00e9volutionner le paysage des march\u00e9s financiers du trading.","og_url":"https:\/\/staging.quantfury.io\/french\/histoire\/","og_site_name":"Quantfury","article_modified_time":"2025-04-21T17:24:49+00:00","og_image":[{"width":1200,"height":630,"url":"https:\/\/staging.quantfury.io\/wp-content\/uploads\/2025\/04\/Prev-Image-v7.png","type":"image\/png"}],"twitter_card":"summary_large_image","twitter_description":"Chez Quantfury, notre histoire est celle de l\u2019innovation et de l\u2019engagement \u00e0 r\u00e9volutionner le paysage des march\u00e9s financiers du trading.","twitter_site":"@quantfury","twitter_misc":{"Dur\u00e9e de lecture estim\u00e9e":"3 minutes"},"schema":{"@context":"https:\/\/schema.org","@graph":[{"@type":"Article","@id":"https:\/\/staging.quantfury.io\/french\/histoire\/#article","isPartOf":{"@id":"https:\/\/staging.quantfury.io\/french\/histoire\/"},"author":{"name":"Quantfury","@id":"https:\/\/staging.quantfury.io\/#\/schema\/person\/a9f7e8493050fd0144e9482425234990"},"headline":"Histoire","datePublished":"2025-03-08T16:15:42+00:00","dateModified":"2025-04-21T17:24:49+00:00","mainEntityOfPage":{"@id":"https:\/\/staging.quantfury.io\/french\/histoire\/"},"wordCount":1,"publisher":{"@id":"https:\/\/staging.quantfury.io\/#organization"},"inLanguage":"fr-FR"},{"@type":"WebPage","@id":"https:\/\/staging.quantfury.io\/french\/histoire\/","url":"https:\/\/staging.quantfury.io\/french\/histoire\/","name":"Histoire | Quantfury","isPartOf":{"@id":"https:\/\/staging.quantfury.io\/#website"},"datePublished":"2025-03-08T16:15:42+00:00","dateModified":"2025-04-21T17:24:49+00:00","description":"Chez Quantfury, notre histoire est celle de l\u2019innovation et de l\u2019engagement \u00e0 r\u00e9volutionner le paysage des march\u00e9s financiers du trading.","breadcrumb":{"@id":"https:\/\/staging.quantfury.io\/french\/histoire\/#breadcrumb"},"inLanguage":"fr-FR","potentialAction":[{"@type":"ReadAction","target":["https:\/\/staging.quantfury.io\/french\/histoire\/"]}]},{"@type":"BreadcrumbList","@id":"https:\/\/staging.quantfury.io\/french\/histoire\/#breadcrumb","itemListElement":[{"@type":"ListItem","position":1,"name":"Home","item":"https:\/\/staging.quantfury.io\/french\/"},{"@type":"ListItem","position":2,"name":"Histoire"}]},{"@type":"WebSite","@id":"https:\/\/staging.quantfury.io\/#website","url":"https:\/\/staging.quantfury.io\/","name":"Quantfury","description":"","publisher":{"@id":"https:\/\/staging.quantfury.io\/#organization"},"potentialAction":[{"@type":"SearchAction","target":{"@type":"EntryPoint","urlTemplate":"https:\/\/staging.quantfury.io\/?s={search_term_string}"},"query-input":{"@type":"PropertyValueSpecification","valueRequired":true,"valueName":"search_term_string"}}],"inLanguage":"fr-FR"},{"@type":"Organization","@id":"https:\/\/staging.quantfury.io\/#organization","name":"Quantfury","url":"https:\/\/staging.quantfury.io\/","logo":{"@type":"ImageObject","inLanguage":"fr-FR","@id":"https:\/\/staging.quantfury.io\/#\/schema\/logo\/image\/","url":"https:\/\/staging.quantfury.io\/wp-content\/uploads\/2021\/04\/logo.svg","contentUrl":"https:\/\/staging.quantfury.io\/wp-content\/uploads\/2021\/04\/logo.svg","width":165,"height":36,"caption":"Quantfury"},"image":{"@id":"https:\/\/staging.quantfury.io\/#\/schema\/logo\/image\/"},"sameAs":["https:\/\/x.com\/quantfury","https:\/\/instagram.com\/quantfury","https:\/\/www.linkedin.com\/company\/quantfury\/","https:\/\/www.youtube.com\/c\/Quantfury"]},{"@type":"Person","@id":"https:\/\/staging.quantfury.io\/#\/schema\/person\/a9f7e8493050fd0144e9482425234990","name":"Quantfury","sameAs":["https:\/\/staging.quantfury.io"],"url":"https:\/\/staging.quantfury.io\/french\/author\/admin\/"}]}},"_links":{"self":[{"href":"https:\/\/staging.quantfury.io\/french\/wp-json\/wp\/v2\/pages\/30868","targetHints":{"allow":["GET"]}}],"collection":[{"href":"https:\/\/staging.quantfury.io\/french\/wp-json\/wp\/v2\/pages"}],"about":[{"href":"https:\/\/staging.quantfury.io\/french\/wp-json\/wp\/v2\/types\/page"}],"author":[{"embeddable":true,"href":"https:\/\/staging.quantfury.io\/french\/wp-json\/wp\/v2\/users\/1"}],"replies":[{"embeddable":true,"href":"https:\/\/staging.quantfury.io\/french\/wp-json\/wp\/v2\/comments?post=30868"}],"version-history":[{"count":6,"href":"https:\/\/staging.quantfury.io\/french\/wp-json\/wp\/v2\/pages\/30868\/revisions"}],"predecessor-version":[{"id":33090,"href":"https:\/\/staging.quantfury.io\/french\/wp-json\/wp\/v2\/pages\/30868\/revisions\/33090"}],"wp:attachment":[{"href":"https:\/\/staging.quantfury.io\/french\/wp-json\/wp\/v2\/media?parent=30868"}],"curies":[{"name":"wp","href":"https:\/\/api.w.org\/{rel}","templated":true}]}}