{"id":30891,"date":"2025-03-08T16:15:58","date_gmt":"2025-03-08T16:15:58","guid":{"rendered":"https:\/\/staging.quantfury.io\/licenses\/"},"modified":"2025-03-26T20:01:11","modified_gmt":"2025-03-26T20:01:11","slug":"licencias","status":"publish","type":"page","link":"https:\/\/staging.quantfury.io\/espanol\/licencias\/","title":{"rendered":"Licencias"},"content":{"rendered":"<section\n        class=\"s-intro  content-default    right  \">\n            <div class=\"s-intro__picture\">\n                <img loading=\"lazy\" decoding=\"async\" class=\"s-intro__img right el-image\" src=\"https:\/\/staging.quantfury.io\/wp-content\/uploads\/2025\/03\/i-Licenses.svg\" alt=\"\"  width=\"1\" height=\"1\">\n        <\/div>\n            <div class=\"s-intro__container\">\n                    <h1 class=\"s-intro__title\">\n                Licencias\n            <\/h1>\n        \n                    <div class=\"s-intro__description\">\n                Informaci\u00f3n Regulatoria de las Corredur\u00edas de Quantfury.\n            <\/div>\n        \n        \n                        <div class=\"s-intro__divider el-divider el-divider--colorfully\">\n            <div class=\"diamond\"><\/div>\n            <div class=\"diamond\"><\/div>\n        <\/div>\n    <\/div>\n    <div class=\"el-lines\">\n        <div class=\"el-lines__line\"><\/div>\n        <div class=\"el-lines__line\"><\/div>\n        <div class=\"el-lines__line\"><\/div>\n        <div class=\"el-lines__line\"><\/div>\n        <div class=\"el-lines__line\"><\/div>\n    <\/div>\n<\/section>\n\n    <section class=\"s-license-list\">\n        <div class=\"s-license-list__container\">\n            <div class=\"s-license-list__items\">\n                                    <div class=\"s-license-list__item\">\n                        <h2 class=\"s-license-list__title\">Reino Unido<\/h2>\n                        <div class=\"s-license-list__text\">\n                            <p>Quantfury Trading UK Limited est\u00e1 autorizada por la Financial Conduct Authority del Reino Unido, con n\u00famero FCA 577611, y es una Instituci\u00f3n de Pago Autorizada. Quantfury Trading UK Limited est\u00e1 constituida en Inglaterra y Gales con el n\u00famero de registro en Companies House 04977383. Oficina registrada: 1 Bolton Street, Piso 4, Londres W1J 8HY.<\/p>\n\n                        <\/div>\n                    <\/div>\n                    <div class=\"s-license-list__divider el-divider el-divider--secondary\">\n                        <div class=\"diamond\"><\/div>\n                        <div class=\"diamond\"><\/div>\n                    <\/div>\n                                    <div class=\"s-license-list__item\">\n                        <h2 class=\"s-license-list__title\">Las Bahamas<\/h2>\n                        <div class=\"s-license-list__text\">\n                            <p>Quantfury est\u00e1 autorizada y regulada por la Securities Commission de Las Bahamas, con licencia de intermediaci\u00f3n SBA n\u00famero SIA-F204. Quantfury tambi\u00e9n est\u00e1 autorizada por la Securities Commission de Las Bahamas como custodio de activos digitales bajo la licencia de proveedor de billetera n\u00famero FCSPA NO. F-034. Oficina registrada: 4th Floor, Lyford Cay House, Western Rd, Nassau, Bahamas.<\/p>\n\n                        <\/div>\n                    <\/div>\n                    <div class=\"s-license-list__divider el-divider \">\n                        <div class=\"diamond\"><\/div>\n                        <div class=\"diamond\"><\/div>\n                    <\/div>\n                                    <div class=\"s-license-list__item\">\n                        <h2 class=\"s-license-list__title\">Colombia<\/h2>\n                        <div class=\"s-license-list__text\">\n                            <p>Quantfury Trading Limited est\u00e1 autorizada por la Superintendencia Financiera de Colombia (SFC) bajo la Resoluci\u00f3n 2287 de 2024 como Oficina de Representaci\u00f3n para promover y publicitar activamente sus productos y servicios de mercados de valores del exterior para residentes e inversionistas colombianos de cualquier tipo. La Oficina de Representaci\u00f3n de Quantfury Trading Limited es supervisada por la Superintendencia Financiera de Colombia (SFC) conforme a sus est\u00e1ndares y pr\u00e1cticas regulatorias.<\/p>\n\n                        <\/div>\n                    <\/div>\n                    <div class=\"s-license-list__divider el-divider el-divider--secondary\">\n                        <div class=\"diamond\"><\/div>\n                        <div class=\"diamond\"><\/div>\n                    <\/div>\n                            <\/div>\n        <\/div>\n        <div class=\"el-lines\">\n            <div class=\"el-lines__line\"><\/div>\n            <div class=\"el-lines__line\"><\/div>\n            <div class=\"el-lines__line\"><\/div>\n            <div class=\"el-lines__line\"><\/div>\n            <div class=\"el-lines__line\"><\/div>\n        <\/div>\n    <\/section>\n","protected":false},"excerpt":{"rendered":"","protected":false},"author":1,"featured_media":0,"parent":0,"menu_order":0,"comment_status":"closed","ping_status":"closed","template":"","meta":{"_acf_changed":false,"inline_featured_image":false,"footnotes":""},"class_list":["post-30891","page","type-page","status-publish","hentry"],"acf":[],"yoast_head":"<!-- This site is optimized with the Yoast SEO Premium plugin v26.8 (Yoast SEO v26.8) - https:\/\/yoast.com\/product\/yoast-seo-premium-wordpress\/ -->\n<title>Licencias | Quantfury<\/title>\n<meta name=\"description\" content=\"Informaci\u00f3n Regulatoria de las Corredur\u00edas de Quantfury.\" \/>\n<meta name=\"robots\" content=\"noindex, follow, max-snippet:-1, max-image-preview:large, max-video-preview:-1\" \/>\n<meta property=\"og:locale\" content=\"es_ES\" \/>\n<meta property=\"og:type\" content=\"article\" \/>\n<meta property=\"og:title\" content=\"Licencias | Quantfury\" \/>\n<meta property=\"og:description\" content=\"Informaci\u00f3n Regulatoria de las Corredur\u00edas de Quantfury.\" \/>\n<meta property=\"og:url\" content=\"https:\/\/staging.quantfury.io\/espanol\/licencias\/\" \/>\n<meta property=\"og:site_name\" content=\"Quantfury\" \/>\n<meta property=\"article:modified_time\" content=\"2025-03-26T20:01:11+00:00\" \/>\n<meta property=\"og:image\" content=\"https:\/\/staging.quantfury.io\/wp-content\/uploads\/2025\/04\/Prev-Image-v7.png\" \/>\n\t<meta property=\"og:image:width\" content=\"1200\" \/>\n\t<meta property=\"og:image:height\" content=\"630\" \/>\n\t<meta property=\"og:image:type\" content=\"image\/png\" \/>\n<meta name=\"twitter:card\" content=\"summary_large_image\" \/>\n<meta name=\"twitter:description\" content=\"Informaci\u00f3n Regulatoria de las Corredur\u00edas de Quantfury.\" \/>\n<meta name=\"twitter:site\" content=\"@quantfury\" \/>\n<meta name=\"twitter:label1\" content=\"Tiempo de lectura\" \/>\n\t<meta name=\"twitter:data1\" content=\"1 minuto\" \/>\n<script type=\"application\/ld+json\" class=\"yoast-schema-graph\">{\"@context\":\"https:\/\/schema.org\",\"@graph\":[{\"@type\":\"Article\",\"@id\":\"https:\/\/staging.quantfury.io\/espanol\/licencias\/#article\",\"isPartOf\":{\"@id\":\"https:\/\/staging.quantfury.io\/espanol\/licencias\/\"},\"author\":{\"name\":\"Quantfury\",\"@id\":\"https:\/\/staging.quantfury.io\/#\/schema\/person\/a9f7e8493050fd0144e9482425234990\"},\"headline\":\"Licencias\",\"datePublished\":\"2025-03-08T16:15:58+00:00\",\"dateModified\":\"2025-03-26T20:01:11+00:00\",\"mainEntityOfPage\":{\"@id\":\"https:\/\/staging.quantfury.io\/espanol\/licencias\/\"},\"wordCount\":1,\"publisher\":{\"@id\":\"https:\/\/staging.quantfury.io\/#organization\"},\"inLanguage\":\"es\"},{\"@type\":\"WebPage\",\"@id\":\"https:\/\/staging.quantfury.io\/espanol\/licencias\/\",\"url\":\"https:\/\/staging.quantfury.io\/espanol\/licencias\/\",\"name\":\"Licencias | Quantfury\",\"isPartOf\":{\"@id\":\"https:\/\/staging.quantfury.io\/#website\"},\"datePublished\":\"2025-03-08T16:15:58+00:00\",\"dateModified\":\"2025-03-26T20:01:11+00:00\",\"description\":\"Informaci\u00f3n Regulatoria de las Corredur\u00edas de Quantfury.\",\"breadcrumb\":{\"@id\":\"https:\/\/staging.quantfury.io\/espanol\/licencias\/#breadcrumb\"},\"inLanguage\":\"es\",\"potentialAction\":[{\"@type\":\"ReadAction\",\"target\":[\"https:\/\/staging.quantfury.io\/espanol\/licencias\/\"]}]},{\"@type\":\"BreadcrumbList\",\"@id\":\"https:\/\/staging.quantfury.io\/espanol\/licencias\/#breadcrumb\",\"itemListElement\":[{\"@type\":\"ListItem\",\"position\":1,\"name\":\"Home\",\"item\":\"https:\/\/staging.quantfury.io\/espanol\/\"},{\"@type\":\"ListItem\",\"position\":2,\"name\":\"Licencias\"}]},{\"@type\":\"WebSite\",\"@id\":\"https:\/\/staging.quantfury.io\/#website\",\"url\":\"https:\/\/staging.quantfury.io\/\",\"name\":\"Quantfury\",\"description\":\"\",\"publisher\":{\"@id\":\"https:\/\/staging.quantfury.io\/#organization\"},\"potentialAction\":[{\"@type\":\"SearchAction\",\"target\":{\"@type\":\"EntryPoint\",\"urlTemplate\":\"https:\/\/staging.quantfury.io\/?s={search_term_string}\"},\"query-input\":{\"@type\":\"PropertyValueSpecification\",\"valueRequired\":true,\"valueName\":\"search_term_string\"}}],\"inLanguage\":\"es\"},{\"@type\":\"Organization\",\"@id\":\"https:\/\/staging.quantfury.io\/#organization\",\"name\":\"Quantfury\",\"url\":\"https:\/\/staging.quantfury.io\/\",\"logo\":{\"@type\":\"ImageObject\",\"inLanguage\":\"es\",\"@id\":\"https:\/\/staging.quantfury.io\/#\/schema\/logo\/image\/\",\"url\":\"https:\/\/staging.quantfury.io\/wp-content\/uploads\/2021\/04\/logo.svg\",\"contentUrl\":\"https:\/\/staging.quantfury.io\/wp-content\/uploads\/2021\/04\/logo.svg\",\"width\":165,\"height\":36,\"caption\":\"Quantfury\"},\"image\":{\"@id\":\"https:\/\/staging.quantfury.io\/#\/schema\/logo\/image\/\"},\"sameAs\":[\"https:\/\/x.com\/quantfury\",\"https:\/\/instagram.com\/quantfury\",\"https:\/\/www.linkedin.com\/company\/quantfury\/\",\"https:\/\/www.youtube.com\/c\/Quantfury\"]},{\"@type\":\"Person\",\"@id\":\"https:\/\/staging.quantfury.io\/#\/schema\/person\/a9f7e8493050fd0144e9482425234990\",\"name\":\"Quantfury\",\"sameAs\":[\"https:\/\/staging.quantfury.io\"],\"url\":\"https:\/\/staging.quantfury.io\/espanol\/author\/admin\/\"}]}<\/script>\n<!-- \/ Yoast SEO Premium plugin. -->","yoast_head_json":{"title":"Licencias | Quantfury","description":"Informaci\u00f3n Regulatoria de las Corredur\u00edas de Quantfury.","robots":{"index":"noindex","follow":"follow","max-snippet":"max-snippet:-1","max-image-preview":"max-image-preview:large","max-video-preview":"max-video-preview:-1"},"og_locale":"es_ES","og_type":"article","og_title":"Licencias | Quantfury","og_description":"Informaci\u00f3n Regulatoria de las Corredur\u00edas de Quantfury.","og_url":"https:\/\/staging.quantfury.io\/espanol\/licencias\/","og_site_name":"Quantfury","article_modified_time":"2025-03-26T20:01:11+00:00","og_image":[{"width":1200,"height":630,"url":"https:\/\/staging.quantfury.io\/wp-content\/uploads\/2025\/04\/Prev-Image-v7.png","type":"image\/png"}],"twitter_card":"summary_large_image","twitter_description":"Informaci\u00f3n Regulatoria de las Corredur\u00edas de Quantfury.","twitter_site":"@quantfury","twitter_misc":{"Tiempo de lectura":"1 minuto"},"schema":{"@context":"https:\/\/schema.org","@graph":[{"@type":"Article","@id":"https:\/\/staging.quantfury.io\/espanol\/licencias\/#article","isPartOf":{"@id":"https:\/\/staging.quantfury.io\/espanol\/licencias\/"},"author":{"name":"Quantfury","@id":"https:\/\/staging.quantfury.io\/#\/schema\/person\/a9f7e8493050fd0144e9482425234990"},"headline":"Licencias","datePublished":"2025-03-08T16:15:58+00:00","dateModified":"2025-03-26T20:01:11+00:00","mainEntityOfPage":{"@id":"https:\/\/staging.quantfury.io\/espanol\/licencias\/"},"wordCount":1,"publisher":{"@id":"https:\/\/staging.quantfury.io\/#organization"},"inLanguage":"es"},{"@type":"WebPage","@id":"https:\/\/staging.quantfury.io\/espanol\/licencias\/","url":"https:\/\/staging.quantfury.io\/espanol\/licencias\/","name":"Licencias | Quantfury","isPartOf":{"@id":"https:\/\/staging.quantfury.io\/#website"},"datePublished":"2025-03-08T16:15:58+00:00","dateModified":"2025-03-26T20:01:11+00:00","description":"Informaci\u00f3n Regulatoria de las Corredur\u00edas de Quantfury.","breadcrumb":{"@id":"https:\/\/staging.quantfury.io\/espanol\/licencias\/#breadcrumb"},"inLanguage":"es","potentialAction":[{"@type":"ReadAction","target":["https:\/\/staging.quantfury.io\/espanol\/licencias\/"]}]},{"@type":"BreadcrumbList","@id":"https:\/\/staging.quantfury.io\/espanol\/licencias\/#breadcrumb","itemListElement":[{"@type":"ListItem","position":1,"name":"Home","item":"https:\/\/staging.quantfury.io\/espanol\/"},{"@type":"ListItem","position":2,"name":"Licencias"}]},{"@type":"WebSite","@id":"https:\/\/staging.quantfury.io\/#website","url":"https:\/\/staging.quantfury.io\/","name":"Quantfury","description":"","publisher":{"@id":"https:\/\/staging.quantfury.io\/#organization"},"potentialAction":[{"@type":"SearchAction","target":{"@type":"EntryPoint","urlTemplate":"https:\/\/staging.quantfury.io\/?s={search_term_string}"},"query-input":{"@type":"PropertyValueSpecification","valueRequired":true,"valueName":"search_term_string"}}],"inLanguage":"es"},{"@type":"Organization","@id":"https:\/\/staging.quantfury.io\/#organization","name":"Quantfury","url":"https:\/\/staging.quantfury.io\/","logo":{"@type":"ImageObject","inLanguage":"es","@id":"https:\/\/staging.quantfury.io\/#\/schema\/logo\/image\/","url":"https:\/\/staging.quantfury.io\/wp-content\/uploads\/2021\/04\/logo.svg","contentUrl":"https:\/\/staging.quantfury.io\/wp-content\/uploads\/2021\/04\/logo.svg","width":165,"height":36,"caption":"Quantfury"},"image":{"@id":"https:\/\/staging.quantfury.io\/#\/schema\/logo\/image\/"},"sameAs":["https:\/\/x.com\/quantfury","https:\/\/instagram.com\/quantfury","https:\/\/www.linkedin.com\/company\/quantfury\/","https:\/\/www.youtube.com\/c\/Quantfury"]},{"@type":"Person","@id":"https:\/\/staging.quantfury.io\/#\/schema\/person\/a9f7e8493050fd0144e9482425234990","name":"Quantfury","sameAs":["https:\/\/staging.quantfury.io"],"url":"https:\/\/staging.quantfury.io\/espanol\/author\/admin\/"}]}},"_links":{"self":[{"href":"https:\/\/staging.quantfury.io\/espanol\/wp-json\/wp\/v2\/pages\/30891","targetHints":{"allow":["GET"]}}],"collection":[{"href":"https:\/\/staging.quantfury.io\/espanol\/wp-json\/wp\/v2\/pages"}],"about":[{"href":"https:\/\/staging.quantfury.io\/espanol\/wp-json\/wp\/v2\/types\/page"}],"author":[{"embeddable":true,"href":"https:\/\/staging.quantfury.io\/espanol\/wp-json\/wp\/v2\/users\/1"}],"replies":[{"embeddable":true,"href":"https:\/\/staging.quantfury.io\/espanol\/wp-json\/wp\/v2\/comments?post=30891"}],"version-history":[{"count":2,"href":"https:\/\/staging.quantfury.io\/espanol\/wp-json\/wp\/v2\/pages\/30891\/revisions"}],"predecessor-version":[{"id":32457,"href":"https:\/\/staging.quantfury.io\/espanol\/wp-json\/wp\/v2\/pages\/30891\/revisions\/32457"}],"wp:attachment":[{"href":"https:\/\/staging.quantfury.io\/espanol\/wp-json\/wp\/v2\/media?parent=30891"}],"curies":[{"name":"wp","href":"https:\/\/api.w.org\/{rel}","templated":true}]}}